{"id":1490,"date":"2022-08-04T15:45:51","date_gmt":"2022-08-04T13:45:51","guid":{"rendered":"http:\/\/www.marionicolella.com\/?page_id=1490"},"modified":"2022-09-21T19:24:57","modified_gmt":"2022-09-21T17:24:57","slug":"cookie-policy","status":"publish","type":"page","link":"http:\/\/www.marionicolella.com\/fr\/cookie-policy\/","title":{"rendered":"Cookie Policy"},"content":{"rendered":"<p>[vc_row bg_type=\u00a0\u00bbimage\u00a0\u00bb parallax_style=\u00a0\u00bbvcpb-default\u00a0\u00bb bg_image_new=\u00a0\u00bbid^947|url^http:\/\/www.marionicolella.com\/wp-content\/uploads\/2022\/05\/header_vdg02.jpg|caption^null|alt^Cabinet Group\u00e9 VDG 05|title^Cabinet Group\u00e9 VDG 05|description^Cabinet Group\u00e9 VDG 05&Prime; bg_image_repeat=\u00a0\u00bbno-repeat\u00a0\u00bb bg_override=\u00a0\u00bbex-full\u00a0\u00bb seperator_enable=\u00a0\u00bbseperator_enable_value\u00a0\u00bb seperator_type=\u00a0\u00bbtilt_left_seperator\u00a0\u00bb seperator_position=\u00a0\u00bbbottom_seperator\u00a0\u00bb seperator_svg_height=\u00a0\u00bb150&Prime; seperator_shape_background=\u00a0\u00bb#ffffff\u00a0\u00bb css=\u00a0\u00bb.vc_custom_1659620991001{padding-top: 50px !important;}\u00a0\u00bb el_class=\u00a0\u00bbpage-header-text\u00a0\u00bb][vc_column][vc_empty_space height=\u00a0\u00bb160px\u00a0\u00bb]<div class=\"ult-animation  ult-animate-viewport  ult-no-mobile \" data-animate=\"fadeInUp\" data-animation-delay=\"0.3\" data-animation-duration=\"1\" data-animation-iteration=\"1\" style=\"opacity:0;\" data-opacity_start_effect=\"\">[vc_custom_heading text=\u00a0\u00bbPolitique d&rsquo;utilisation des cookies\u00a0\u00bb font_container=\u00a0\u00bbtag:h2|text_align:left|color:%23fcfcfc|line_height:1.25em\u00a0\u00bb use_theme_fonts=\u00a0\u00bbyes\u00a0\u00bb]<\/div>[vc_empty_space height=\u00a0\u00bb200px\u00a0\u00bb][\/vc_column][\/vc_row][vc_row css_animation=\u00a0\u00bbfadeIn\u00a0\u00bb css=\u00a0\u00bb.vc_custom_1652458614660{padding-top: 100px !important;padding-bottom: 40px !important;}\u00a0\u00bb][vc_column][vc_column_text]La pr\u00e9sente politique relative \u00e0 l&rsquo;utilisation des cookies s&rsquo;applique au site web, aux pages de \u00ab\u00a0marque\u00a0\u00bb sur des plateformes tierces (par exemple, Facebook ou YouTube) et aux applications consult\u00e9es, qui sont g\u00e9r\u00e9es par ou au nom de Homekind Srl. En utilisant ce site, vous consentez \u00e0 notre utilisation des cookies conform\u00e9ment \u00e0 la pr\u00e9sente politique en mati\u00e8re de cookies. La liste ci-dessous indique les diff\u00e9rents types de cookies que nous utilisons sur le site.<\/p>\n<h3>QU\u2019EST-CE QU\u2019UN COOKIE ?<\/h3>\n<p>Les cookies sont des fichiers informatiques ou des donn\u00e9es partielles qui peuvent \u00eatre enregistr\u00e9s sur votre ordinateur (ou d&rsquo;autres appareils permettant de naviguer sur Internet, tels que les smartphones ou les tablettes) lorsque vous visitez un site. Habituellement, un cookie contient le nom du site Web d&rsquo;o\u00f9 provient le cookie lui-m\u00eame, la \u00ab\u00a0dur\u00e9e de vie\u00a0\u00bb du cookie (combien de temps il restera sur votre appareil) et une valeur, qui est g\u00e9n\u00e9ralement un num\u00e9ro unique g\u00e9n\u00e9r\u00e9 de mani\u00e8re al\u00e9atoire.<\/p>\n<p>A quoi servent les cookies. Les cookies sont utilis\u00e9s pour faciliter l&rsquo;utilisation du site et pour adapter le site \u00e0 vos int\u00e9r\u00eats ou pour nous aider \u00e0 acc\u00e9l\u00e9rer vos futures exp\u00e9riences sur le site. De plus, les cookies sont utilis\u00e9s pour compiler des statistiques globales qui nous permettent de comprendre comment les gens utilisent le site et nous aident \u00e0 am\u00e9liorer la structure et le contenu du site lui-m\u00eame. Nous ne sommes pas en mesure de vous identifier personnellement gr\u00e2ce \u00e0 ces informations.<\/p>\n<h3>A quoi servent les cookies<\/h3>\n<p>Les cookies sont utilis\u00e9s pour faciliter l&rsquo;utilisation du site et pour adapter le site \u00e0 vos int\u00e9r\u00eats ou pour nous aider \u00e0 acc\u00e9l\u00e9rer vos futures exp\u00e9riences sur le site. De plus, les cookies sont utilis\u00e9s pour compiler des statistiques globales qui nous permettent de comprendre comment les gens utilisent le site et nous aident \u00e0 am\u00e9liorer la structure et le contenu du site lui-m\u00eame. Nous ne sommes pas en mesure de vous identifier personnellement gr\u00e2ce \u00e0 ces informations.<\/p>\n<h3>QUELS COOKIES UTILISONS-NOUS<\/h3>\n<p>Deux types de cookies peuvent \u00eatre utilis\u00e9s sur le site :<br \/>\nles \u00ab cookies de session \u00bb et les \u00ab cookies persistants \u00bb :<\/p>\n<ul>\n<li>Les cookies de session sont des cookies temporaires qui restent sur l&rsquo;appareil jusqu&rsquo;\u00e0 ce que vous quittiez le site.<\/li>\n<li>Le &lsquo;cookie persistant&rsquo; reste plus longtemps sur votre appareil ou jusqu&rsquo;\u00e0 ce que vous le supprimiez manuellement.<\/li>\n<\/ul>\n<h3>COOKIES UTILIS\u00c9S SUR CE SITE<\/h3>\n<p>Les cookies ne sont pas utilis\u00e9s pour stocker des informations<br \/>\npersonnelles.<\/p>\n<table class=\"cookie-info\" style=\"margin-bottom: 20px;\">\n<tbody>\n<tr>\n<th>Cookie<\/th>\n<th>Nome<\/th>\n<th>Description<\/th>\n<th>Type<\/th>\n<th>Dur\u00e9e<\/th>\n<\/tr>\n<tr>\n<td>Cookie acceptance<\/td>\n<td>Moove_gdpr_popup<\/td>\n<td>Ce cookie est utilis\u00e9 pour enregistrer l&rsquo;\u00e9tat du consentement \u00e0 l&rsquo;utilisation des cookies.<\/td>\n<td>Technique<\/td>\n<td>Persistent 1 an<\/td>\n<\/tr>\n<tr>\n<td>WordPress<\/td>\n<td>wtvf<br \/>\nwp-setting-<br \/>\nwp-setting-time-<br \/>\nwordpress_test_cookies<br \/>\nwordpress_<br \/>\nwordpress_logged_in_<\/td>\n<td>Ce site est construit sur la plateforme WordPress. Les cookies n&rsquo;ont aucune incidence sur votre navigation et ne collectent aucune informations personnelles (les trois premi\u00e8res sont utilis\u00e9es pour tenir compte de la zone g\u00e9ographique, la quatri\u00e8me est sessionnel et communique au navigateur si vous acceptez ou non les cookies, les cinqui\u00e8me et sixi\u00e8me sont de session et gardent une trace de la connexion de l&rsquo;utilisateur).<br \/>\nCes cookies sont ajout\u00e9s automatiquement par WordPress et ne sont pas utilis\u00e9s par le site. Pour plus d&rsquo;informations, consultez la page <a href=\"https:\/\/codex.wordpress.org\/WordPress_Cookies\" target=\"_blank\" rel=\"noopener noreferrer\">https:\/\/codex.wordpress.org\/WordPress_Cookies<\/a><\/td>\n<td>Technique<\/td>\n<td>de Session Persistant<\/td>\n<\/tr>\n<tr>\n<td>Layout contenu<\/td>\n<td>vchideactivationmsg<\/td>\n<td>Cookie technique permettant d&rsquo;optimiser le fonctionnement de la cr\u00e9ation de contenu sur le site.<\/td>\n<td>Technique<\/td>\n<td>Persistant 1 mois<\/td>\n<\/tr>\n<tr>\n<td>Sessione<\/td>\n<td>PHPSESSID<\/td>\n<td>Cookie utilis\u00e9 pour stocker l\u2019ID de la session de navigation<\/td>\n<td>Technique<\/td>\n<td>de Session<\/td>\n<\/tr>\n<tr>\n<td>Google Analytics<\/td>\n<td>_utma<br \/>\n_utmb<br \/>\n_utmt<br \/>\n_utmz<br \/>\n_ga<br \/>\n_gat<\/td>\n<td>Les cookies de Google Analytics qui fournissent des rapports sous forme agr\u00e9g\u00e9e sur les statistiques de visite du site. A titre d&rsquo;exemple non exhaustif : nombre de pages vues<br \/>\ntemps pass\u00e9 sur le site, canal qui a g\u00e9n\u00e9r\u00e9 le trafic.<br \/>\nPour plus d&rsquo;informations sur les cookies de Google Analytics :<\/p>\n<ul>\n<li><a href=\"https:\/\/developers.google.com\/analytics\/resources\/concepts\/gaConceptsCookies\" target=\"_blank\" rel=\"noopener noreferrer\">des informations sur Google Analytics<\/a><\/li>\n<li><a href=\"http:\/\/www.google.com\/intl\/it_ALL\/analytics\/learn\/privacy.html\" target=\"_blank\" rel=\"noopener noreferrer\">Protection des donn\u00e9es<\/a><\/li>\n<\/ul>\n<\/td>\n<td>Technique de tiers<\/td>\n<td>Persistant<\/td>\n<\/tr>\n<tr>\n<td>Social Media<\/td>\n<td><\/td>\n<td>Cookies qui vous permettent de partager des commentaires \/ \u00e9valuations \/ pages \/ signets et aide pour simplifier l&rsquo;acc\u00e8s aux r\u00e9seaux sociaux et aux outils sociaux sur Internet.<\/p>\n<p><b>Facebook<\/b><\/p>\n<ul>\n<li><a href=\"http:\/\/www.facebook.com\/about\/privacy\/your-info-on-other#anothersite\" target=\"_blank\" rel=\"noopener noreferrer\">des informations sur Facebook Connect <\/a><\/li>\n<li><a href=\"http:\/\/www.facebook.com\/about\/privacy\/your-info-on-other#socialplugin\" target=\"_blank\" rel=\"noopener noreferrer\">des informations sur les plug-ins sociaux de <\/a><\/li>\n<\/ul>\n<p><b>Twitter<\/b><\/p>\n<ul>\n<li><a href=\"http:\/\/twitter.com\/privacy\" target=\"_blank\" rel=\"noopener noreferrer\">des informations sur Twitter <\/a><\/li>\n<\/ul>\n<p><b>YouTube<\/b><\/p>\n<ul>\n<li><a href=\"http:\/\/www.google.com\/policies\/technologies\/cookies\/\" target=\"_blank\" rel=\"noopener noreferrer\">des informations sur YouTube<\/a><\/li>\n<li><a href=\"https:\/\/www.youtube.com\/static?template=privacy_guidelines\" target=\"_blank\" rel=\"noopener noreferrer\">Protection des donn\u00e9es <\/a><\/li>\n<\/ul>\n<p><b>Linkedin<\/b><\/p>\n<ul>\n<li><a href=\"https:\/\/www.linkedin.com\/legal\/cookie-policy\" target=\"_blank\" rel=\"noopener noreferrer\">Politique relative aux cookies<\/a><\/li>\n<\/ul>\n<\/td>\n<td>Technique de tiers<\/td>\n<td>Persistant<\/td>\n<\/tr>\n<\/tbody>\n<\/table>\n<h3>COMMENT VERIFIER OU SUPPRIMER LES COOKIES<\/h3>\n<p><span class=\"nota_impostazioni_cookie\">NOTA:<br \/>\nVous pouvez modifier les param\u00e8tres d&rsquo;utilisation des cookies par ce site en cliquant sur <a title=\"Impostazioni Cookie\" href=\"\/#moove_gdpr_cookie_modal\">ce lien<\/a>, ou sur l&rsquo;ic\u00f4ne en bas \u00e0 gauche.<\/span><\/p>\n<p>La plupart des navigateurs Internet sont initialement configur\u00e9s pour accepter automatiquement les cookies. Vous pouvez modifier ces param\u00e8tres pour bloquer les cookies ou pour vous avertir que des cookies sont envoy\u00e9s sur votre appareil.<\/p>\n<p>Si vous d\u00e9sactivez les cookies que nous utilisons, cela pourrait affecter votre exp\u00e9rience lorsque vous \u00eates sur le site, par exemple vous ne pourrez peut-\u00eatre pas visiter certaines sections du site ou ne pas recevoir d&rsquo;informations personnalis\u00e9es lorsque vous le visiterez. Si vous utilisez diff\u00e9rents appareils pour visualiser et acc\u00e9der au site (par exemple ordinateur, smartphone, tablette, etc.), vous devez vous assurer que chaque navigateur de chaque appareil est r\u00e9gl\u00e9 pour refl\u00e9ter vos pr\u00e9f\u00e9rences en mati\u00e8re de cookies.<\/p>\n<p>Vous pouvez \u00e9galement s\u00e9lectionner votre navigateur dans la liste ci-dessous et suivre les instructions :<\/p>\n<ul>\n<li><a href=\"http:\/\/windows.microsoft.com\/it-it\/windows7\/how-to-manage-cookies-in-internet-explorer-9\" target=\"_blank\" rel=\"noopener noreferrer\">Internet Explorer<\/a><\/li>\n<li><a href=\"https:\/\/support.google.com\/chrome\/answer\/95647\" target=\"_blank\" rel=\"noopener noreferrer\">Chrome<\/a><\/li>\n<li><a href=\"https:\/\/support.apple.com\/it-it\/HT201265\" target=\"_blank\" rel=\"noopener noreferrer\">Safari<\/a><\/li>\n<li><a href=\"https:\/\/support.mozilla.org\/it\/kb\/Attivare%20e%20disattivare%20i%20cookie\" target=\"_blank\" rel=\"noopener noreferrer\">Firefox<\/a><\/li>\n<\/ul>\n<p>Pour plus d&rsquo;informations sur les cookies et pour g\u00e9rer les pr\u00e9f\u00e9rences en mati\u00e8re de cookies (premi\u00e8res et\/ou tierces parties), vous pouvez \u00e9galement visiter la plateforme <a href=\"http:\/\/www.youronlinechoices.com\" target=\"_blank\" rel=\"noopener noreferrer\">www.youronlinechoices.com<\/a>.<\/p>\n<p>Nous vous rappelons que si vous ne consentez pas \u00e0 notre utilisation des cookies et que vous d\u00e9cidez de d\u00e9sactiver les cookies que nous utilisons, cela pourrait affecter votre exp\u00e9rience utilisateur lors de la visite de notre site.[\/vc_column_text][\/vc_column][\/vc_row]<\/p>\n","protected":false},"excerpt":{"rendered":"<p>[vc_row bg_type=\u00a0\u00bbimage\u00a0\u00bb parallax_style=\u00a0\u00bbvcpb-default\u00a0\u00bb bg_image_new=\u00a0\u00bbid^947|url^http:\/\/www.marionicolella.com\/wp-content\/uploads\/2022\/05\/header_vdg02.jpg|caption^null|alt^Cabinet Group\u00e9 VDG 05|title^Cabinet Group\u00e9 VDG 05|description^Cabinet Group\u00e9 VDG 05&Prime; bg_image_repeat=\u00a0\u00bbno-repeat\u00a0\u00bb bg_override=\u00a0\u00bbex-full\u00a0\u00bb seperator_enable=\u00a0\u00bbseperator_enable_value\u00a0\u00bb seperator_type=\u00a0\u00bbtilt_left_seperator\u00a0\u00bb seperator_position=\u00a0\u00bbbottom_seperator\u00a0\u00bb seperator_svg_height=\u00a0\u00bb150&Prime; seperator_shape_background=\u00a0\u00bb#ffffff\u00a0\u00bb css=\u00a0\u00bb.vc_custom_1659620991001{padding-top: 50px !important;}\u00a0\u00bb el_class=\u00a0\u00bbpage-header-text\u00a0\u00bb][vc_column][vc_empty_space height=\u00a0\u00bb160px\u00a0\u00bb][vc_empty_space height=\u00a0\u00bb200px\u00a0\u00bb][\/vc_column][\/vc_row][vc_row css_animation=\u00a0\u00bbfadeIn\u00a0\u00bb css=\u00a0\u00bb.vc_custom_1652458614660{padding-top: 100px !important;padding-bottom: 40px !important;}\u00a0\u00bb][vc_column][vc_column_text]La pr\u00e9sente politique relative \u00e0 l&rsquo;utilisation des cookies s&rsquo;applique au site web, aux pages de \u00ab\u00a0marque\u00a0\u00bb sur des plateformes tierces (par exemple, Facebook ou [&hellip;]<\/p>\n","protected":false},"author":1,"featured_media":0,"parent":0,"menu_order":0,"comment_status":"closed","ping_status":"closed","template":"page.php","meta":{"footnotes":""},"class_list":["post-1490","page","type-page","status-publish","hentry"],"yoast_head":"<!-- This site is optimized with the Yoast SEO plugin v19.9 - https:\/\/yoast.com\/wordpress\/plugins\/seo\/ -->\n<title>Cookie Policy - Avv. Mario Nicolella<\/title>\n<meta name=\"robots\" content=\"index, follow, max-snippet:-1, max-image-preview:large, max-video-preview:-1\" \/>\n<link rel=\"canonical\" href=\"http:\/\/www.marionicolella.com\/fr\/cookie-policy\/\" \/>\n<meta property=\"og:locale\" content=\"fr_FR\" \/>\n<meta property=\"og:type\" content=\"article\" \/>\n<meta property=\"og:title\" content=\"Cookie Policy - Avv. Mario Nicolella\" \/>\n<meta property=\"og:description\" content=\"[vc_row bg_type=\u00a0\u00bbimage\u00a0\u00bb parallax_style=\u00a0\u00bbvcpb-default\u00a0\u00bb bg_image_new=\u00a0\u00bbid^947|url^http:\/\/www.marionicolella.com\/wp-content\/uploads\/2022\/05\/header_vdg02.jpg|caption^null|alt^Cabinet Group\u00e9 VDG 05|title^Cabinet Group\u00e9 VDG 05|description^Cabinet Group\u00e9 VDG 05&Prime; bg_image_repeat=\u00a0\u00bbno-repeat\u00a0\u00bb bg_override=\u00a0\u00bbex-full\u00a0\u00bb seperator_enable=\u00a0\u00bbseperator_enable_value\u00a0\u00bb seperator_type=\u00a0\u00bbtilt_left_seperator\u00a0\u00bb seperator_position=\u00a0\u00bbbottom_seperator\u00a0\u00bb seperator_svg_height=\u00a0\u00bb150&Prime; seperator_shape_background=\u00a0\u00bb#ffffff\u00a0\u00bb css=\u00a0\u00bb.vc_custom_1659620991001{padding-top: 50px !important;}\u00a0\u00bb el_class=\u00a0\u00bbpage-header-text\u00a0\u00bb][vc_column][vc_empty_space height=\u00a0\u00bb160px\u00a0\u00bb][vc_empty_space height=\u00a0\u00bb200px\u00a0\u00bb][\/vc_column][\/vc_row][vc_row css_animation=\u00a0\u00bbfadeIn\u00a0\u00bb css=\u00a0\u00bb.vc_custom_1652458614660{padding-top: 100px !important;padding-bottom: 40px !important;}\u00a0\u00bb][vc_column][vc_column_text]La pr\u00e9sente politique relative \u00e0 l&rsquo;utilisation des cookies s&rsquo;applique au site web, aux pages de \u00ab\u00a0marque\u00a0\u00bb sur des plateformes tierces (par exemple, Facebook ou [&hellip;]\" \/>\n<meta property=\"og:url\" content=\"http:\/\/www.marionicolella.com\/fr\/cookie-policy\/\" \/>\n<meta property=\"og:site_name\" content=\"Avv. Mario Nicolella\" \/>\n<meta property=\"article:modified_time\" content=\"2022-09-21T17:24:57+00:00\" \/>\n<meta property=\"og:image\" content=\"http:\/\/www.marionicolella.com\/wp-content\/uploads\/2022\/08\/img_facebook-1.jpg\" \/>\n\t<meta property=\"og:image:width\" content=\"1200\" \/>\n\t<meta property=\"og:image:height\" content=\"630\" \/>\n\t<meta property=\"og:image:type\" content=\"image\/jpeg\" \/>\n<meta name=\"twitter:card\" content=\"summary_large_image\" \/>\n<meta name=\"twitter:label1\" content=\"Dur\u00e9e de lecture estim\u00e9e\" \/>\n\t<meta name=\"twitter:data1\" content=\"6 minutes\" \/>\n<script type=\"application\/ld+json\" class=\"yoast-schema-graph\">{\"@context\":\"https:\/\/schema.org\",\"@graph\":[{\"@type\":\"WebPage\",\"@id\":\"http:\/\/www.marionicolella.com\/fr\/cookie-policy\/\",\"url\":\"http:\/\/www.marionicolella.com\/fr\/cookie-policy\/\",\"name\":\"Cookie Policy - Avv. Mario Nicolella\",\"isPartOf\":{\"@id\":\"http:\/\/www.marionicolella.com\/#website\"},\"datePublished\":\"2022-08-04T13:45:51+00:00\",\"dateModified\":\"2022-09-21T17:24:57+00:00\",\"breadcrumb\":{\"@id\":\"http:\/\/www.marionicolella.com\/fr\/cookie-policy\/#breadcrumb\"},\"inLanguage\":\"fr-FR\",\"potentialAction\":[{\"@type\":\"ReadAction\",\"target\":[\"http:\/\/www.marionicolella.com\/fr\/cookie-policy\/\"]}]},{\"@type\":\"BreadcrumbList\",\"@id\":\"http:\/\/www.marionicolella.com\/fr\/cookie-policy\/#breadcrumb\",\"itemListElement\":[{\"@type\":\"ListItem\",\"position\":1,\"name\":\"Home\",\"item\":\"http:\/\/www.marionicolella.com\/fr\/\"},{\"@type\":\"ListItem\",\"position\":2,\"name\":\"Cookie Policy\"}]},{\"@type\":\"WebSite\",\"@id\":\"http:\/\/www.marionicolella.com\/#website\",\"url\":\"http:\/\/www.marionicolella.com\/\",\"name\":\"Avv. Mario Nicolella\",\"description\":\"Studio Legale Internazionale\",\"publisher\":{\"@id\":\"http:\/\/www.marionicolella.com\/#\/schema\/person\/85205f94633feef23121576d83fcb7d8\"},\"potentialAction\":[{\"@type\":\"SearchAction\",\"target\":{\"@type\":\"EntryPoint\",\"urlTemplate\":\"http:\/\/www.marionicolella.com\/?s={search_term_string}\"},\"query-input\":\"required name=search_term_string\"}],\"inLanguage\":\"fr-FR\"},{\"@type\":[\"Person\",\"Organization\"],\"@id\":\"http:\/\/www.marionicolella.com\/#\/schema\/person\/85205f94633feef23121576d83fcb7d8\",\"name\":\"Mario Nicolella\",\"image\":{\"@type\":\"ImageObject\",\"inLanguage\":\"fr-FR\",\"@id\":\"http:\/\/www.marionicolella.com\/#\/schema\/person\/image\/\",\"url\":\"http:\/\/www.marionicolella.com\/wp-content\/uploads\/2022\/05\/logo_nicolella.svg\",\"contentUrl\":\"http:\/\/www.marionicolella.com\/wp-content\/uploads\/2022\/05\/logo_nicolella.svg\",\"width\":290,\"height\":44,\"caption\":\"Mario Nicolella\"},\"logo\":{\"@id\":\"http:\/\/www.marionicolella.com\/#\/schema\/person\/image\/\"},\"sameAs\":[\"http:\/\/www.linkedin.com\/in\/mario-nicolella-07949310\/\"]}]}<\/script>\n<!-- \/ Yoast SEO plugin. -->","yoast_head_json":{"title":"Cookie Policy - Avv. Mario Nicolella","robots":{"index":"index","follow":"follow","max-snippet":"max-snippet:-1","max-image-preview":"max-image-preview:large","max-video-preview":"max-video-preview:-1"},"canonical":"http:\/\/www.marionicolella.com\/fr\/cookie-policy\/","og_locale":"fr_FR","og_type":"article","og_title":"Cookie Policy - Avv. Mario Nicolella","og_description":"[vc_row bg_type=\u00a0\u00bbimage\u00a0\u00bb parallax_style=\u00a0\u00bbvcpb-default\u00a0\u00bb bg_image_new=\u00a0\u00bbid^947|url^http:\/\/www.marionicolella.com\/wp-content\/uploads\/2022\/05\/header_vdg02.jpg|caption^null|alt^Cabinet Group\u00e9 VDG 05|title^Cabinet Group\u00e9 VDG 05|description^Cabinet Group\u00e9 VDG 05&Prime; bg_image_repeat=\u00a0\u00bbno-repeat\u00a0\u00bb bg_override=\u00a0\u00bbex-full\u00a0\u00bb seperator_enable=\u00a0\u00bbseperator_enable_value\u00a0\u00bb seperator_type=\u00a0\u00bbtilt_left_seperator\u00a0\u00bb seperator_position=\u00a0\u00bbbottom_seperator\u00a0\u00bb seperator_svg_height=\u00a0\u00bb150&Prime; seperator_shape_background=\u00a0\u00bb#ffffff\u00a0\u00bb css=\u00a0\u00bb.vc_custom_1659620991001{padding-top: 50px !important;}\u00a0\u00bb el_class=\u00a0\u00bbpage-header-text\u00a0\u00bb][vc_column][vc_empty_space height=\u00a0\u00bb160px\u00a0\u00bb][vc_empty_space height=\u00a0\u00bb200px\u00a0\u00bb][\/vc_column][\/vc_row][vc_row css_animation=\u00a0\u00bbfadeIn\u00a0\u00bb css=\u00a0\u00bb.vc_custom_1652458614660{padding-top: 100px !important;padding-bottom: 40px !important;}\u00a0\u00bb][vc_column][vc_column_text]La pr\u00e9sente politique relative \u00e0 l&rsquo;utilisation des cookies s&rsquo;applique au site web, aux pages de \u00ab\u00a0marque\u00a0\u00bb sur des plateformes tierces (par exemple, Facebook ou [&hellip;]","og_url":"http:\/\/www.marionicolella.com\/fr\/cookie-policy\/","og_site_name":"Avv. Mario Nicolella","article_modified_time":"2022-09-21T17:24:57+00:00","og_image":[{"width":1200,"height":630,"url":"http:\/\/www.marionicolella.com\/wp-content\/uploads\/2022\/08\/img_facebook-1.jpg","type":"image\/jpeg"}],"twitter_card":"summary_large_image","twitter_misc":{"Dur\u00e9e de lecture estim\u00e9e":"6 minutes"},"schema":{"@context":"https:\/\/schema.org","@graph":[{"@type":"WebPage","@id":"http:\/\/www.marionicolella.com\/fr\/cookie-policy\/","url":"http:\/\/www.marionicolella.com\/fr\/cookie-policy\/","name":"Cookie Policy - Avv. Mario Nicolella","isPartOf":{"@id":"http:\/\/www.marionicolella.com\/#website"},"datePublished":"2022-08-04T13:45:51+00:00","dateModified":"2022-09-21T17:24:57+00:00","breadcrumb":{"@id":"http:\/\/www.marionicolella.com\/fr\/cookie-policy\/#breadcrumb"},"inLanguage":"fr-FR","potentialAction":[{"@type":"ReadAction","target":["http:\/\/www.marionicolella.com\/fr\/cookie-policy\/"]}]},{"@type":"BreadcrumbList","@id":"http:\/\/www.marionicolella.com\/fr\/cookie-policy\/#breadcrumb","itemListElement":[{"@type":"ListItem","position":1,"name":"Home","item":"http:\/\/www.marionicolella.com\/fr\/"},{"@type":"ListItem","position":2,"name":"Cookie Policy"}]},{"@type":"WebSite","@id":"http:\/\/www.marionicolella.com\/#website","url":"http:\/\/www.marionicolella.com\/","name":"Avv. Mario Nicolella","description":"Studio Legale Internazionale","publisher":{"@id":"http:\/\/www.marionicolella.com\/#\/schema\/person\/85205f94633feef23121576d83fcb7d8"},"potentialAction":[{"@type":"SearchAction","target":{"@type":"EntryPoint","urlTemplate":"http:\/\/www.marionicolella.com\/?s={search_term_string}"},"query-input":"required name=search_term_string"}],"inLanguage":"fr-FR"},{"@type":["Person","Organization"],"@id":"http:\/\/www.marionicolella.com\/#\/schema\/person\/85205f94633feef23121576d83fcb7d8","name":"Mario Nicolella","image":{"@type":"ImageObject","inLanguage":"fr-FR","@id":"http:\/\/www.marionicolella.com\/#\/schema\/person\/image\/","url":"http:\/\/www.marionicolella.com\/wp-content\/uploads\/2022\/05\/logo_nicolella.svg","contentUrl":"http:\/\/www.marionicolella.com\/wp-content\/uploads\/2022\/05\/logo_nicolella.svg","width":290,"height":44,"caption":"Mario Nicolella"},"logo":{"@id":"http:\/\/www.marionicolella.com\/#\/schema\/person\/image\/"},"sameAs":["http:\/\/www.linkedin.com\/in\/mario-nicolella-07949310\/"]}]}},"_links":{"self":[{"href":"http:\/\/www.marionicolella.com\/fr\/wp-json\/wp\/v2\/pages\/1490","targetHints":{"allow":["GET"]}}],"collection":[{"href":"http:\/\/www.marionicolella.com\/fr\/wp-json\/wp\/v2\/pages"}],"about":[{"href":"http:\/\/www.marionicolella.com\/fr\/wp-json\/wp\/v2\/types\/page"}],"author":[{"embeddable":true,"href":"http:\/\/www.marionicolella.com\/fr\/wp-json\/wp\/v2\/users\/1"}],"replies":[{"embeddable":true,"href":"http:\/\/www.marionicolella.com\/fr\/wp-json\/wp\/v2\/comments?post=1490"}],"version-history":[{"count":4,"href":"http:\/\/www.marionicolella.com\/fr\/wp-json\/wp\/v2\/pages\/1490\/revisions"}],"predecessor-version":[{"id":1867,"href":"http:\/\/www.marionicolella.com\/fr\/wp-json\/wp\/v2\/pages\/1490\/revisions\/1867"}],"wp:attachment":[{"href":"http:\/\/www.marionicolella.com\/fr\/wp-json\/wp\/v2\/media?parent=1490"}],"curies":[{"name":"wp","href":"https:\/\/api.w.org\/{rel}","templated":true}]}}