{"id":1404,"date":"2022-05-24T12:33:14","date_gmt":"2022-05-24T10:33:14","guid":{"rendered":"http:\/\/www.marionicolella.com\/onorari\/"},"modified":"2022-09-14T10:12:18","modified_gmt":"2022-09-14T08:12:18","slug":"honoraires","status":"publish","type":"page","link":"http:\/\/www.marionicolella.com\/fr\/honoraires\/","title":{"rendered":"Honoraires"},"content":{"rendered":"<p>[vc_row bg_type=\u00a0\u00bbimage\u00a0\u00bb parallax_style=\u00a0\u00bbvcpb-default\u00a0\u00bb bg_image_new=\u00a0\u00bbid^1132|url^http:\/\/www.marionicolella.com\/wp-content\/uploads\/2022\/05\/header_court01.jpg|caption^null|alt^null|title^header_court01|description^null\u00a0\u00bb bg_image_repeat=\u00a0\u00bbno-repeat\u00a0\u00bb bg_override=\u00a0\u00bbex-full\u00a0\u00bb seperator_enable=\u00a0\u00bbseperator_enable_value\u00a0\u00bb seperator_type=\u00a0\u00bbtilt_left_seperator\u00a0\u00bb seperator_position=\u00a0\u00bbbottom_seperator\u00a0\u00bb seperator_svg_height=\u00a0\u00bb150&Prime; seperator_shape_background=\u00a0\u00bb#ffffff\u00a0\u00bb css=\u00a0\u00bb.vc_custom_1654685443112{padding-top: 50px !important;}\u00a0\u00bb el_class=\u00a0\u00bbpage-header-text\u00a0\u00bb][vc_column][vc_empty_space height=\u00a0\u00bb160px\u00a0\u00bb]<div class=\"ult-animation  ult-animate-viewport  ult-no-mobile \" data-animate=\"fadeInUp\" data-animation-delay=\"0.3\" data-animation-duration=\"1\" data-animation-iteration=\"1\" style=\"opacity:0;\" data-opacity_start_effect=\"\">[vc_custom_heading text=\u00a0\u00bbDroits et devoirs du client\u00a0\u00bb font_container=\u00a0\u00bbtag:h3|text_align:left|color:%23ffffff\u00a0\u00bb use_theme_fonts=\u00a0\u00bbyes\u00a0\u00bb][vc_custom_heading text=\u00a0\u00bbHonoraires\u00a0\u00bb font_container=\u00a0\u00bbtag:h2|text_align:left|color:%23fcfcfc|line_height:1.25em\u00a0\u00bb use_theme_fonts=\u00a0\u00bbyes\u00a0\u00bb]<\/div>[vc_empty_space height=\u00a0\u00bb200px\u00a0\u00bb][\/vc_column][\/vc_row][vc_row css_animation=\u00a0\u00bbfadeIn\u00a0\u00bb css=\u00a0\u00bb.vc_custom_1653389195824{padding-top: 100px !important;}\u00a0\u00bb][vc_column width=\u00a0\u00bb1\/2&Prime;][vc_column_text]\u00c0 l\u2019occasion du <strong>premier contact<\/strong> avec Ma\u00eetre Mario Nicolella vous serez soigneusement inform\u00e9s de <strong>vos droits et obligations relatifs au calcul des honoraires du cabinet d\u2019avocat<\/strong>. Vous trouverez ci-dessous une br\u00e8ve explication.<br \/>\n[\/vc_column_text][\/vc_column][vc_column width=\u00a0\u00bb1\/2&Prime;][vc_column_text]<strong>Les honoraires<\/strong> de consultation, d\u2019assistance, de conseil, de r\u00e9daction d\u2019actes juridiques sous seing priv\u00e9 et de plaidoirie <strong>sont fix\u00e9s librement en accord avec le client<\/strong>, en prenant en consid\u00e9ration la complexit\u00e9 du dossier. Sauf convention contraire, le cabinet <strong>facture ses prestations<\/strong> trimestriellement.[\/vc_column_text][\/vc_column][\/vc_row][vc_row css=\u00a0\u00bb.vc_custom_1653389189555{padding-top: 60px !important;}\u00a0\u00bb][vc_column][vc_custom_heading text=\u00a0\u00bbLes deux m\u00e9thodes de fixation d\u2019honoraires\u00a0\u00bb font_container=\u00a0\u00bbtag:h3|text_align:left\u00a0\u00bb use_theme_fonts=\u00a0\u00bbyes\u00a0\u00bb][vc_empty_space height=\u00a0\u00bb60px\u00a0\u00bb][\/vc_column][\/vc_row][vc_row][vc_column width=\u00a0\u00bb1\/2&Prime;]<div class=\"aio-icon-component    style_2\"><div id=\"Info-box-wrap-5810\" class=\"aio-icon-box default-icon\" style=\"\"  ><div class=\"aio-icon-default\"><div class=\"ult-just-icon-wrapper  \"><div class=\"align-icon\" style=\"text-align:center;\">\n<div class=\"aio-icon none \" data-animation=\"fadeIn\" data-animation-delay=\"03\" style=\"color:#333;font-size:32px;display:inline-block;\">\n\t<i class=\"linearicons-watch\"><\/i>\n<\/div><\/div><\/div><\/div><div class=\"aio-icon-header\" ><h4 class=\"aio-icon-title ult-responsive\"  data-ultimate-target='#Info-box-wrap-5810 .aio-icon-title'  data-responsive-json-new='{\"font-size\":\"\",\"line-height\":\"\"}'  style=\"\">L\u2019honoraire au temps pass\u00e9<\/h4><\/div> <!-- header --><div class=\"aio-icon-description ult-responsive\"  data-ultimate-target='#Info-box-wrap-5810 .aio-icon-description'  data-responsive-json-new='{\"font-size\":\"\",\"line-height\":\"\"}'  style=\"\">L\u2019honoraire est factur\u00e9 en fonction du <strong>temps effectivement pass\u00e9 par l\u2019avocat dans le cadre d\u2019une prestation d\u00e9termin\u00e9e<\/strong>. L\u2019avocat et le client conviennent du montant de la facturation horaire applicable.<br \/>\nDans la facture r\u00e9capitulative de fin de mission, le client est inform\u00e9 en d\u00e9tail du nombre d\u2019heures que son avocat a consacr\u00e9 au dossier qui lui a \u00e9t\u00e9 confi\u00e9.<\/div> <!-- description --><\/div> <!-- aio-icon-box --><\/div> <!-- aio-icon-component -->[\/vc_column][vc_column width=\u00a0\u00bb1\/2&Prime;]<div class=\"aio-icon-component    style_2\"><div id=\"Info-box-wrap-2908\" class=\"aio-icon-box default-icon\" style=\"\"  ><div class=\"aio-icon-default\"><div class=\"ult-just-icon-wrapper  \"><div class=\"align-icon\" style=\"text-align:center;\">\n<div class=\"aio-icon none \" data-animation=\"fadeIn\" data-animation-delay=\"03\" style=\"color:#333;font-size:32px;display:inline-block;\">\n\t<i class=\"linearicons-network\"><\/i>\n<\/div><\/div><\/div><\/div><div class=\"aio-icon-header\" ><h4 class=\"aio-icon-title ult-responsive\"  data-ultimate-target='#Info-box-wrap-2908 .aio-icon-title'  data-responsive-json-new='{\"font-size\":\"\",\"line-height\":\"\"}'  style=\"\">Honoraires forfaitaires<\/h4><\/div> <!-- header --><div class=\"aio-icon-description ult-responsive\"  data-ultimate-target='#Info-box-wrap-2908 .aio-icon-description'  data-responsive-json-new='{\"font-size\":\"\",\"line-height\":\"\"}'  style=\"\">Il s\u2019agit, dans le cadre d\u2019une mission d\u00e9termin\u00e9e, d\u2019une <strong>r\u00e9mun\u00e9ration globale<\/strong> et intangible qui ne tient pas compte du temps effectivement pass\u00e9.<br \/>\nLe forfait ne <strong>peut \u00eatre modifi\u00e9 qu\u2019en accord avec le client \u00e0 cause de circonstances<\/strong> survenues ayant compliqu\u00e9 sensiblement le traitement du dossier.<\/div> <!-- description --><\/div> <!-- aio-icon-box --><\/div> <!-- aio-icon-component -->[\/vc_column][\/vc_row][vc_row css=\u00a0\u00bb.vc_custom_1653389171658{padding-top: 60px !important;}\u00a0\u00bb][vc_column][vc_custom_heading text=\u00a0\u00bbL\u2019honoraire compl\u00e9mentaire de r\u00e9sultat\u00a0\u00bb font_container=\u00a0\u00bbtag:h3|text_align:left\u00a0\u00bb use_theme_fonts=\u00a0\u00bbyes\u00a0\u00bb][vc_empty_space height=\u00a0\u00bb40px\u00a0\u00bb][vc_column_text]L\u2019honoraire compl\u00e9mentaire de r\u00e9sultat comporte une partie fixe (forfait ou tarification horaire) et un <strong>honoraire compl\u00e9mentaire en fonction du r\u00e9sultat obtenu<\/strong>.<br \/>\nIl est calcul\u00e9 <strong>\u00e0 partir des sommes obtenues ou des condamnations \u00e9vit\u00e9es<\/strong> \u00e0 l\u2019exception du remboursement des honoraires vers\u00e9s.[\/vc_column_text][\/vc_column][\/vc_row][vc_row css=\u00a0\u00bb.vc_custom_1653389167732{padding-top: 60px !important;}\u00a0\u00bb][vc_column][vc_custom_heading text=\u00a0\u00bbLes modalit\u00e9s de facturation\u00a0\u00bb font_container=\u00a0\u00bbtag:h3|text_align:left\u00a0\u00bb use_theme_fonts=\u00a0\u00bbyes\u00a0\u00bb][vc_empty_space height=\u00a0\u00bb40px\u00a0\u00bb][vc_column_text]Le client re\u00e7oit les factures <strong>en cours et en fin de dossier<\/strong>.<br \/>\nElles mentionnent s\u00e9par\u00e9ment chacun des postes dont le paiement est demand\u00e9 au client.<br \/>\nAvant le r\u00e8glement d\u00e9finitif, un <strong>compte d\u00e9taill\u00e9<\/strong> est remis au client, qui fait ressortir distinctement les frais, les d\u00e9bours (timbres fiscaux, droits d\u2019enregistrement), les \u00e9moluments (r\u00e9mun\u00e9ration tarifi\u00e9e de certains services et prestations de professionnels du droit), les honoraires et porte mention des sommes pr\u00e9c\u00e9demment re\u00e7ues \u00e0 titre de provision ou autre.[\/vc_column_text][vc_empty_space height=\u00a0\u00bb60px\u00a0\u00bb][vc_btn title=\u00a0\u00bbFacsimile de la convention d\u2019honoraires\u00a0\u00bb style=\u00a0\u00bboutline-custom\u00a0\u00bb outline_custom_color=\u00a0\u00bb#253746&Prime; outline_custom_hover_background=\u00a0\u00bb#253746&Prime; outline_custom_hover_text=\u00a0\u00bb#ffffff\u00a0\u00bb shape=\u00a0\u00bbsquare\u00a0\u00bb i_icon_fontawesome=\u00a0\u00bbfar fa-file-pdf\u00a0\u00bb add_icon=\u00a0\u00bbtrue\u00a0\u00bb link=\u00a0\u00bburl:%2Fdownload%2Fconv_hono_FR-IT.pdf|title:Download\u00a0\u00bb][\/vc_column][\/vc_row][vc_row][vc_column]<div class=\"templatera_shortcode\"><div class=\"vc_row wpb_row vc_row-fluid vc_custom_1652458769386\"><div class=\"wpb_animate_when_almost_visible wpb_fadeInUp fadeInUp wpb_column vc_column_container vc_col-sm-12\"><div class=\"vc_column-inner\"><div class=\"wpb_wrapper\"><div id=\"ultimate-heading-317169f3d90797dee\" class=\"uvc-heading ult-adjust-bottom-margin ultimate-heading-317169f3d90797dee uvc-3355 \" data-hspacer=\"line_only\"  data-halign=\"center\" style=\"text-align:center\"><div class=\"uvc-heading-spacer line_only\" style=\"topheight:100px;\"><span class=\"uvc-headings-line\" style=\"border-style:solid;border-bottom-width:100px;border-color:#0a0a0a;width:1px;\"><\/span><\/div><\/div><div class=\"vc_empty_space\"   style=\"height: 90px\"><span class=\"vc_empty_space_inner\"><\/span><\/div><h2 style=\"text-align: center\" class=\"vc_custom_heading\" >Cabinet d\u2019Avocat Franco-Italien Nicolella<\/h2><div class=\"vc_empty_space\"   style=\"height: 60px\"><span class=\"vc_empty_space_inner\"><\/span><\/div><div class=\"vc_row wpb_row vc_inner vc_row-fluid\"><div class=\"wpb_column vc_column_container vc_col-sm-4\"><div class=\"vc_column-inner\"><div class=\"wpb_wrapper\"><div class=\"aio-icon-component    style_2\"><a class=\"aio-icon-box-link\" href=\"\/fr\/cabinet\/bio-et-cv\/\" title=\"Bio e CV\" ><div id=\"Info-box-wrap-8930\" class=\"aio-icon-box top-icon\" style=\"\"  ><div class=\"aio-icon-top\"><div class=\"ult-just-icon-wrapper  \"><div class=\"align-icon\" style=\"text-align:center;\">\n<div class=\"aio-icon none \"  style=\"color:#333;font-size:32px;display:inline-block;\">\n\t<i class=\"linearicons-graduation-hat\"><\/i>\n<\/div><\/div><\/div><\/div><div class=\"aio-icon-header\" ><h3 class=\"aio-icon-title ult-responsive\"  data-ultimate-target='#Info-box-wrap-8930 .aio-icon-title'  data-responsive-json-new='{\"font-size\":\"desktop:20px;\",\"line-height\":\"\"}'  style=\"font-family:&#039;Montserrat&#039;;font-weight:700;\">Bio et CV<\/h3><\/div> <!-- header --><div class=\"aio-icon-description ult-responsive\"  data-ultimate-target='#Info-box-wrap-8930 .aio-icon-description'  data-responsive-json-new='{\"font-size\":\"desktop:16px;\",\"line-height\":\"\"}'  style=\"font-family:&#039;Lato&#039;;font-weight:500;\">La biographie professionnelle et le curriculum vitae de Me Mario Nicolella sont \u00e0 votre disposition.<\/div> <!-- description --><\/div> <!-- aio-icon-box --><\/a><\/div> <!-- aio-icon-component --><div class=\"ult-spacer spacer-69f3d9079882e\" data-id=\"69f3d9079882e\" data-height=\"0\" data-height-mobile=\"40\" data-height-tab=\"\" data-height-tab-portrait=\"\" data-height-mobile-landscape=\"40\" style=\"clear:both;display:block;\"><\/div><\/div><\/div><\/div><div class=\"wpb_column vc_column_container vc_col-sm-4\"><div class=\"vc_column-inner\"><div class=\"wpb_wrapper\"><div class=\"aio-icon-component    style_2\"><a class=\"aio-icon-box-link\" href=\"\/fr\/cabinet\/cabinet-groupe-vdg\/\" title=\"Cabinet Group\u00e9 VDG\" ><div id=\"Info-box-wrap-5236\" class=\"aio-icon-box top-icon\" style=\"\"  ><div class=\"aio-icon-top\"><div class=\"ult-just-icon-wrapper  \"><div class=\"align-icon\" style=\"text-align:center;\">\n<div class=\"aio-icon none \"  style=\"color:#333;font-size:32px;display:inline-block;\">\n\t<i class=\"linearicons-library2\"><\/i>\n<\/div><\/div><\/div><\/div><div class=\"aio-icon-header\" ><h3 class=\"aio-icon-title ult-responsive\"  data-ultimate-target='#Info-box-wrap-5236 .aio-icon-title'  data-responsive-json-new='{\"font-size\":\"desktop:20px;\",\"line-height\":\"\"}'  style=\"font-family:&#039;Montserrat&#039;;font-weight:700;\">Cabinet Group\u00e9 VDG<\/h3><\/div> <!-- header --><div class=\"aio-icon-description ult-responsive\"  data-ultimate-target='#Info-box-wrap-5236 .aio-icon-description'  data-responsive-json-new='{\"font-size\":\"desktop:16px;\",\"line-height\":\"\"}'  style=\"font-family:&#039;Lato&#039;;font-weight:500;\">Comp\u00e9tences et exp\u00e9riences dans diff\u00e9rents secteurs juridiques pour prot\u00e9ger au mieux vos droits.<\/div> <!-- description --><\/div> <!-- aio-icon-box --><\/a><\/div> <!-- aio-icon-component --><div class=\"ult-spacer spacer-69f3d90798a12\" data-id=\"69f3d90798a12\" data-height=\"0\" data-height-mobile=\"40\" data-height-tab=\"\" data-height-tab-portrait=\"\" data-height-mobile-landscape=\"40\" style=\"clear:both;display:block;\"><\/div><\/div><\/div><\/div><div class=\"wpb_column vc_column_container vc_col-sm-4\"><div class=\"vc_column-inner\"><div class=\"wpb_wrapper\"><div class=\"aio-icon-component    style_2\"><a class=\"aio-icon-box-link\" href=\"\/fr\/honoraires\" title=\"Honoraires\" ><div id=\"Info-box-wrap-9610\" class=\"aio-icon-box top-icon\" style=\"\"  ><div class=\"aio-icon-top\"><div class=\"ult-just-icon-wrapper  \"><div class=\"align-icon\" style=\"text-align:center;\">\n<div class=\"aio-icon none \"  style=\"color:#333;font-size:32px;display:inline-block;\">\n\t<i class=\"linearicons-balance\"><\/i>\n<\/div><\/div><\/div><\/div><div class=\"aio-icon-header\" ><h3 class=\"aio-icon-title ult-responsive\"  data-ultimate-target='#Info-box-wrap-9610 .aio-icon-title'  data-responsive-json-new='{\"font-size\":\"desktop:20px;\",\"line-height\":\"\"}'  style=\"font-family:&#039;Montserrat&#039;;font-weight:700;\">Honoraires<\/h3><\/div> <!-- header --><div class=\"aio-icon-description ult-responsive\"  data-ultimate-target='#Info-box-wrap-9610 .aio-icon-description'  data-responsive-json-new='{\"font-size\":\"desktop:16px;\",\"line-height\":\"\"}'  style=\"font-family:&#039;Lato&#039;;font-weight:500;\">Un bon rapport entre Avocat et Client se fonde sur une tr\u00e8s grande clart\u00e9 \u00e9galement sur les aspects \u00e9conomiques.<\/div> <!-- description --><\/div> <!-- aio-icon-box --><\/a><\/div> <!-- aio-icon-component --><\/div><\/div><\/div><\/div><div class=\"ult-spacer spacer-69f3d90798c79\" data-id=\"69f3d90798c79\" data-height=\"100\" data-height-mobile=\"80\" data-height-tab=\"\" data-height-tab-portrait=\"\" data-height-mobile-landscape=\"80\" style=\"clear:both;display:block;\"><\/div><\/div><\/div><\/div><\/div><!-- Row Backgrounds --><div class=\"upb_bg_img\" data-ultimate-bg=\"url(http:\/\/www.marionicolella.com\/wp-content\/uploads\/2022\/05\/bkg_courtdecassation.svg)\" data-image-id=\"id^887|url^http:\/\/www.marionicolella.com\/wp-content\/uploads\/2022\/05\/bkg_courtdecassation.svg|caption^null|alt^null|title^bkg_courtdecassation|description^null\" data-ultimate-bg-style=\"vcpb-default\" data-bg-img-repeat=\"no-repeat\" data-bg-img-size=\"cover\" data-bg-img-position=\"\" data-parallx_sense=\"30\" data-bg-override=\"ex-full\" data-bg_img_attach=\"scroll\" data-upb-overlay-color=\"rgba(255,255,255,0.67)\" data-upb-bg-animation=\"\" data-fadeout=\"\" data-bg-animation=\"left-animation\" data-bg-animation-type=\"h\" data-animation-repeat=\"repeat\" data-fadeout-percentage=\"30\" data-parallax-content=\"\" data-parallax-content-sense=\"30\" data-row-effect-mobile-disable=\"true\" data-img-parallax-mobile-disable=\"true\" data-rtl=\"false\"  data-custom-vc-row=\"\"  data-vc=\"6.7.0\"  data-is_old_vc=\"\"  data-theme-support=\"\"   data-overlay=\"true\" data-overlay-color=\"rgba(255,255,255,0.67)\" data-overlay-pattern=\"\" data-overlay-pattern-opacity=\"0.8\" data-overlay-pattern-size=\"\" data-overlay-pattern-attachment=\"scroll\"    ><\/div><\/div>[\/vc_column][\/vc_row][vc_row full_width=\u00a0\u00bbstretch_row_content_no_spaces\u00a0\u00bb][vc_column]<div class=\"templatera_shortcode\"><div data-vc-full-width=\"true\" data-vc-full-width-init=\"false\" data-vc-parallax=\"1.5\" data-vc-parallax-image=\"http:\/\/www.marionicolella.com\/wp-content\/uploads\/2022\/06\/bkg_cta.jpg\" class=\"vc_row wpb_row vc_row-fluid vc_custom_1654684927201 vc_row-has-fill vc_general vc_parallax vc_parallax-content-moving\"><div class=\"wpb_animate_when_almost_visible wpb_fadeInUp fadeInUp wpb_column vc_column_container vc_col-sm-2\"><div class=\"vc_column-inner\"><div class=\"wpb_wrapper\"><\/div><\/div><\/div><div class=\"wpb_column vc_column_container vc_col-sm-8\"><div class=\"vc_column-inner\"><div class=\"wpb_wrapper\"><h2 style=\"font-size: 40px;color: #f4f4f4;line-height: 1.3em;text-align: center\" class=\"vc_custom_heading\" >Vous avez un probl\u00e8me juridique ? Contactez le cabinet<\/h2><h4 style=\"font-size: 24px;color: #f4f4f4;line-height: 1.3em;text-align: center\" class=\"vc_custom_heading\" >\u00c0 vos c\u00f4t\u00e9s avec r\u00e9activit\u00e9 devant les juridictions italiennes et fran\u00e7aises.<\/h4><div class=\"vc_btn3-container  wpb_animate_when_almost_visible wpb_fadeInUp fadeInUp vc_btn3-center\" ><a onmouseleave=\"this.style.borderColor='#ffffff'; this.style.backgroundColor='transparent'; this.style.color='#ffffff'\" onmouseenter=\"this.style.borderColor='#ffffff'; this.style.backgroundColor='#ffffff'; this.style.color='#253746';\" style=\"border-color:#ffffff; color:#ffffff;\" class=\"vc_general vc_btn3 vc_btn3-size-lg vc_btn3-shape-square vc_btn3-style-outline-custom\" href=\"\/fr\/contacts\" title=\"Contact\">Contact<\/a><\/div><\/div><\/div><\/div><div class=\"wpb_column vc_column_container vc_col-sm-2\"><div class=\"vc_column-inner\"><div class=\"wpb_wrapper\"><\/div><\/div><\/div><\/div><div class=\"vc_row-full-width vc_clearfix\"><\/div>\r\n<\/div>[\/vc_column][\/vc_row]<\/p>\n","protected":false},"excerpt":{"rendered":"Vous avez un probl\u00e8me juridique ? Contactez le cabinet\u00c0 vos c\u00f4t\u00e9s avec r\u00e9activit\u00e9 devant les juridictions italiennes et fran\u00e7aises.Contact","protected":false},"author":1,"featured_media":0,"parent":0,"menu_order":0,"comment_status":"closed","ping_status":"closed","template":"page.php","meta":{"footnotes":""},"class_list":["post-1404","page","type-page","status-publish","hentry"],"yoast_head":"<!-- This site is optimized with the Yoast SEO plugin v19.9 - https:\/\/yoast.com\/wordpress\/plugins\/seo\/ -->\n<title>Honoraires - Avv. Mario Nicolella<\/title>\n<meta name=\"robots\" content=\"index, follow, max-snippet:-1, max-image-preview:large, max-video-preview:-1\" \/>\n<link rel=\"canonical\" href=\"http:\/\/www.marionicolella.com\/fr\/honoraires\/\" \/>\n<meta property=\"og:locale\" content=\"fr_FR\" \/>\n<meta property=\"og:type\" content=\"article\" \/>\n<meta property=\"og:title\" content=\"Honoraires - Avv. Mario Nicolella\" \/>\n<meta property=\"og:url\" content=\"http:\/\/www.marionicolella.com\/fr\/honoraires\/\" \/>\n<meta property=\"og:site_name\" content=\"Avv. Mario Nicolella\" \/>\n<meta property=\"article:modified_time\" content=\"2022-09-14T08:12:18+00:00\" \/>\n<meta property=\"og:image\" content=\"http:\/\/www.marionicolella.com\/wp-content\/uploads\/2022\/08\/img_facebook-1.jpg\" \/>\n\t<meta property=\"og:image:width\" content=\"1200\" \/>\n\t<meta property=\"og:image:height\" content=\"630\" \/>\n\t<meta property=\"og:image:type\" content=\"image\/jpeg\" \/>\n<meta name=\"twitter:card\" content=\"summary_large_image\" \/>\n<meta name=\"twitter:label1\" content=\"Dur\u00e9e de lecture estim\u00e9e\" \/>\n\t<meta name=\"twitter:data1\" content=\"3 minutes\" \/>\n<script type=\"application\/ld+json\" class=\"yoast-schema-graph\">{\"@context\":\"https:\/\/schema.org\",\"@graph\":[{\"@type\":\"WebPage\",\"@id\":\"http:\/\/www.marionicolella.com\/fr\/honoraires\/\",\"url\":\"http:\/\/www.marionicolella.com\/fr\/honoraires\/\",\"name\":\"Honoraires - Avv. Mario Nicolella\",\"isPartOf\":{\"@id\":\"http:\/\/www.marionicolella.com\/#website\"},\"datePublished\":\"2022-05-24T10:33:14+00:00\",\"dateModified\":\"2022-09-14T08:12:18+00:00\",\"breadcrumb\":{\"@id\":\"http:\/\/www.marionicolella.com\/fr\/honoraires\/#breadcrumb\"},\"inLanguage\":\"fr-FR\",\"potentialAction\":[{\"@type\":\"ReadAction\",\"target\":[\"http:\/\/www.marionicolella.com\/fr\/honoraires\/\"]}]},{\"@type\":\"BreadcrumbList\",\"@id\":\"http:\/\/www.marionicolella.com\/fr\/honoraires\/#breadcrumb\",\"itemListElement\":[{\"@type\":\"ListItem\",\"position\":1,\"name\":\"Home\",\"item\":\"http:\/\/www.marionicolella.com\/fr\/\"},{\"@type\":\"ListItem\",\"position\":2,\"name\":\"Honoraires\"}]},{\"@type\":\"WebSite\",\"@id\":\"http:\/\/www.marionicolella.com\/#website\",\"url\":\"http:\/\/www.marionicolella.com\/\",\"name\":\"Avv. Mario Nicolella\",\"description\":\"Studio Legale Internazionale\",\"publisher\":{\"@id\":\"http:\/\/www.marionicolella.com\/#\/schema\/person\/85205f94633feef23121576d83fcb7d8\"},\"potentialAction\":[{\"@type\":\"SearchAction\",\"target\":{\"@type\":\"EntryPoint\",\"urlTemplate\":\"http:\/\/www.marionicolella.com\/?s={search_term_string}\"},\"query-input\":\"required name=search_term_string\"}],\"inLanguage\":\"fr-FR\"},{\"@type\":[\"Person\",\"Organization\"],\"@id\":\"http:\/\/www.marionicolella.com\/#\/schema\/person\/85205f94633feef23121576d83fcb7d8\",\"name\":\"Mario Nicolella\",\"image\":{\"@type\":\"ImageObject\",\"inLanguage\":\"fr-FR\",\"@id\":\"http:\/\/www.marionicolella.com\/#\/schema\/person\/image\/\",\"url\":\"http:\/\/www.marionicolella.com\/wp-content\/uploads\/2022\/05\/logo_nicolella.svg\",\"contentUrl\":\"http:\/\/www.marionicolella.com\/wp-content\/uploads\/2022\/05\/logo_nicolella.svg\",\"width\":290,\"height\":44,\"caption\":\"Mario Nicolella\"},\"logo\":{\"@id\":\"http:\/\/www.marionicolella.com\/#\/schema\/person\/image\/\"},\"sameAs\":[\"http:\/\/www.linkedin.com\/in\/mario-nicolella-07949310\/\"]}]}<\/script>\n<!-- \/ Yoast SEO plugin. -->","yoast_head_json":{"title":"Honoraires - Avv. Mario Nicolella","robots":{"index":"index","follow":"follow","max-snippet":"max-snippet:-1","max-image-preview":"max-image-preview:large","max-video-preview":"max-video-preview:-1"},"canonical":"http:\/\/www.marionicolella.com\/fr\/honoraires\/","og_locale":"fr_FR","og_type":"article","og_title":"Honoraires - Avv. Mario Nicolella","og_url":"http:\/\/www.marionicolella.com\/fr\/honoraires\/","og_site_name":"Avv. Mario Nicolella","article_modified_time":"2022-09-14T08:12:18+00:00","og_image":[{"width":1200,"height":630,"url":"http:\/\/www.marionicolella.com\/wp-content\/uploads\/2022\/08\/img_facebook-1.jpg","type":"image\/jpeg"}],"twitter_card":"summary_large_image","twitter_misc":{"Dur\u00e9e de lecture estim\u00e9e":"3 minutes"},"schema":{"@context":"https:\/\/schema.org","@graph":[{"@type":"WebPage","@id":"http:\/\/www.marionicolella.com\/fr\/honoraires\/","url":"http:\/\/www.marionicolella.com\/fr\/honoraires\/","name":"Honoraires - Avv. Mario Nicolella","isPartOf":{"@id":"http:\/\/www.marionicolella.com\/#website"},"datePublished":"2022-05-24T10:33:14+00:00","dateModified":"2022-09-14T08:12:18+00:00","breadcrumb":{"@id":"http:\/\/www.marionicolella.com\/fr\/honoraires\/#breadcrumb"},"inLanguage":"fr-FR","potentialAction":[{"@type":"ReadAction","target":["http:\/\/www.marionicolella.com\/fr\/honoraires\/"]}]},{"@type":"BreadcrumbList","@id":"http:\/\/www.marionicolella.com\/fr\/honoraires\/#breadcrumb","itemListElement":[{"@type":"ListItem","position":1,"name":"Home","item":"http:\/\/www.marionicolella.com\/fr\/"},{"@type":"ListItem","position":2,"name":"Honoraires"}]},{"@type":"WebSite","@id":"http:\/\/www.marionicolella.com\/#website","url":"http:\/\/www.marionicolella.com\/","name":"Avv. Mario Nicolella","description":"Studio Legale Internazionale","publisher":{"@id":"http:\/\/www.marionicolella.com\/#\/schema\/person\/85205f94633feef23121576d83fcb7d8"},"potentialAction":[{"@type":"SearchAction","target":{"@type":"EntryPoint","urlTemplate":"http:\/\/www.marionicolella.com\/?s={search_term_string}"},"query-input":"required name=search_term_string"}],"inLanguage":"fr-FR"},{"@type":["Person","Organization"],"@id":"http:\/\/www.marionicolella.com\/#\/schema\/person\/85205f94633feef23121576d83fcb7d8","name":"Mario Nicolella","image":{"@type":"ImageObject","inLanguage":"fr-FR","@id":"http:\/\/www.marionicolella.com\/#\/schema\/person\/image\/","url":"http:\/\/www.marionicolella.com\/wp-content\/uploads\/2022\/05\/logo_nicolella.svg","contentUrl":"http:\/\/www.marionicolella.com\/wp-content\/uploads\/2022\/05\/logo_nicolella.svg","width":290,"height":44,"caption":"Mario Nicolella"},"logo":{"@id":"http:\/\/www.marionicolella.com\/#\/schema\/person\/image\/"},"sameAs":["http:\/\/www.linkedin.com\/in\/mario-nicolella-07949310\/"]}]}},"_links":{"self":[{"href":"http:\/\/www.marionicolella.com\/fr\/wp-json\/wp\/v2\/pages\/1404","targetHints":{"allow":["GET"]}}],"collection":[{"href":"http:\/\/www.marionicolella.com\/fr\/wp-json\/wp\/v2\/pages"}],"about":[{"href":"http:\/\/www.marionicolella.com\/fr\/wp-json\/wp\/v2\/types\/page"}],"author":[{"embeddable":true,"href":"http:\/\/www.marionicolella.com\/fr\/wp-json\/wp\/v2\/users\/1"}],"replies":[{"embeddable":true,"href":"http:\/\/www.marionicolella.com\/fr\/wp-json\/wp\/v2\/comments?post=1404"}],"version-history":[{"count":1,"href":"http:\/\/www.marionicolella.com\/fr\/wp-json\/wp\/v2\/pages\/1404\/revisions"}],"predecessor-version":[{"id":1770,"href":"http:\/\/www.marionicolella.com\/fr\/wp-json\/wp\/v2\/pages\/1404\/revisions\/1770"}],"wp:attachment":[{"href":"http:\/\/www.marionicolella.com\/fr\/wp-json\/wp\/v2\/media?parent=1404"}],"curies":[{"name":"wp","href":"https:\/\/api.w.org\/{rel}","templated":true}]}}