{"id":1383,"date":"2022-05-13T10:12:47","date_gmt":"2022-05-13T08:12:47","guid":{"rendered":"http:\/\/www.marionicolella.com\/lo-studio\/"},"modified":"2022-09-14T10:39:40","modified_gmt":"2022-09-14T08:39:40","slug":"cabinet","status":"publish","type":"page","link":"http:\/\/www.marionicolella.com\/fr\/cabinet\/","title":{"rendered":"Cabinet"},"content":{"rendered":"<p>[vc_row bg_type=\u00a0\u00bbimage\u00a0\u00bb parallax_style=\u00a0\u00bbvcpb-default\u00a0\u00bb bg_image_new=\u00a0\u00bbid^950|url^http:\/\/www.marionicolella.com\/wp-content\/uploads\/2022\/05\/header_vdg03.jpg|caption^null|alt^Cabinet Group\u00e9 VDG 04|title^Cabinet Group\u00e9 VDG 04|description^Cabinet Group\u00e9 VDG 04&Prime; bg_image_repeat=\u00a0\u00bbno-repeat\u00a0\u00bb bg_override=\u00a0\u00bbex-full\u00a0\u00bb seperator_enable=\u00a0\u00bbseperator_enable_value\u00a0\u00bb seperator_type=\u00a0\u00bbtilt_left_seperator\u00a0\u00bb seperator_position=\u00a0\u00bbbottom_seperator\u00a0\u00bb seperator_svg_height=\u00a0\u00bb150&Prime; seperator_shape_background=\u00a0\u00bb#ffffff\u00a0\u00bb css=\u00a0\u00bb.vc_custom_1654686367394{padding-top: 50px !important;}\u00a0\u00bb el_class=\u00a0\u00bbpage-header-text\u00a0\u00bb][vc_column][vc_empty_space height=\u00a0\u00bb160px\u00a0\u00bb]<div class=\"ult-animation  ult-animate-viewport  ult-no-mobile \" data-animate=\"fadeInUp\" data-animation-delay=\"0.3\" data-animation-duration=\"1\" data-animation-iteration=\"1\" style=\"opacity:0;\" data-opacity_start_effect=\"\">[vc_custom_heading text=\u00a0\u00bbCabinet d\u2019Avocat Franco-Italien\u00a0\u00bb font_container=\u00a0\u00bbtag:h3|text_align:left|color:%23ffffff\u00a0\u00bb use_theme_fonts=\u00a0\u00bbyes\u00a0\u00bb][vc_custom_heading text=\u00a0\u00bbNicolella\u00a0\u00bb font_container=\u00a0\u00bbtag:h2|text_align:left|color:%23fcfcfc|line_height:1.25em\u00a0\u00bb use_theme_fonts=\u00a0\u00bbyes\u00a0\u00bb]<\/div>[vc_empty_space height=\u00a0\u00bb200px\u00a0\u00bb][\/vc_column][\/vc_row][vc_row css_animation=\u00a0\u00bbfadeIn\u00a0\u00bb css=\u00a0\u00bb.vc_custom_1652458614660{padding-top: 100px !important;padding-bottom: 40px !important;}\u00a0\u00bb][vc_column width=\u00a0\u00bb1\/2&Prime;][vc_column_text]Le <strong>cabinet d\u2019avocat Nicolella<\/strong> conseille et assiste les personnes et les entreprises qui vivent, travaillent ou ont des affaires entre la <strong>France<\/strong> et l\u2019<strong>Italie<\/strong>.<\/p>\n<p><strong>Bas\u00e9 \u00e0 Paris<\/strong>, Ma\u00eetre Mario Nicolella intervient devant les juridictions fran\u00e7aises et italiennes (principalement civiles et commerciales, mais aussi p\u00e9nales et administratives) et en qualit\u00e9 de consultant extra-judiciaire.<\/p>\n<p>Avocat bilingue, de <strong>nationalit\u00e9 franco-italienne<\/strong>, Mario Nicolella est inscrit au <strong>barreau des avocats de Paris de 1995<\/strong> et au <strong>barreau des avocats de Rome de 1991<\/strong>.[\/vc_column_text][\/vc_column][vc_column width=\u00a0\u00bb1\/2&Prime;][vc_column_text]Apr\u00e8s avoir exerc\u00e9 la profession au sein d\u2019importants cabinets d\u2019avocats des deux Capitales (<i class=\"fa fa-external-link\"><\/i> <a title=\"Bio et CV\" href=\"\/fr\/cabinet\/bio-et-cv\/\">Bio et CV<\/a>), en 1998 il a cr\u00e9\u00e9 sa propre structure d\u00e9di\u00e9e aux <strong>relations entre la France et l\u2019Italie<\/strong>.<\/p>\n<p>Aujourd\u2019hui, il met son ample exp\u00e9rience, son savoir-faire et sa mobilit\u00e9 entre les deux pays, <strong>au service des entreprises et des particuliers<\/strong>.[\/vc_column_text][\/vc_column][\/vc_row][vc_row][vc_column width=\u00a0\u00bb1\/3&Prime;][vc_single_image image=\u00a0\u00bb1150&Prime; img_size=\u00a0\u00bbfull\u00a0\u00bb onclick=\u00a0\u00bblink_image\u00a0\u00bb el_class=\u00a0\u00bbmn-hover\u00a0\u00bb][vc_empty_space height=\u00a0\u00bb20px\u00a0\u00bb][\/vc_column][vc_column width=\u00a0\u00bb1\/3&Prime;][vc_single_image image=\u00a0\u00bb1151&Prime; img_size=\u00a0\u00bbfull\u00a0\u00bb onclick=\u00a0\u00bblink_image\u00a0\u00bb el_class=\u00a0\u00bbmn-hover\u00a0\u00bb][vc_empty_space height=\u00a0\u00bb20px\u00a0\u00bb][\/vc_column][vc_column width=\u00a0\u00bb1\/3&Prime;][vc_single_image image=\u00a0\u00bb1152&Prime; img_size=\u00a0\u00bbfull\u00a0\u00bb onclick=\u00a0\u00bblink_image\u00a0\u00bb el_class=\u00a0\u00bbmn-hover\u00a0\u00bb][\/vc_column][\/vc_row][vc_row][vc_column]<div class=\"templatera_shortcode\"><div class=\"vc_row wpb_row vc_row-fluid vc_custom_1652458769386\"><div class=\"wpb_animate_when_almost_visible wpb_fadeInUp fadeInUp wpb_column vc_column_container vc_col-sm-12\"><div class=\"vc_column-inner\"><div class=\"wpb_wrapper\"><div id=\"ultimate-heading-982969f20e423e24c\" class=\"uvc-heading ult-adjust-bottom-margin ultimate-heading-982969f20e423e24c uvc-9012 \" data-hspacer=\"line_only\"  data-halign=\"center\" style=\"text-align:center\"><div class=\"uvc-heading-spacer line_only\" style=\"topheight:100px;\"><span class=\"uvc-headings-line\" style=\"border-style:solid;border-bottom-width:100px;border-color:#0a0a0a;width:1px;\"><\/span><\/div><\/div><div class=\"vc_empty_space\"   style=\"height: 90px\"><span class=\"vc_empty_space_inner\"><\/span><\/div><h2 style=\"text-align: center\" class=\"vc_custom_heading\" >Cabinet d\u2019Avocat Franco-Italien Nicolella<\/h2><div class=\"vc_empty_space\"   style=\"height: 60px\"><span class=\"vc_empty_space_inner\"><\/span><\/div><div class=\"vc_row wpb_row vc_inner vc_row-fluid\"><div class=\"wpb_column vc_column_container vc_col-sm-4\"><div class=\"vc_column-inner\"><div class=\"wpb_wrapper\"><div class=\"aio-icon-component    style_2\"><a class=\"aio-icon-box-link\" href=\"\/fr\/cabinet\/bio-et-cv\/\" title=\"Bio e CV\" ><div id=\"Info-box-wrap-8596\" class=\"aio-icon-box top-icon\" style=\"\"  ><div class=\"aio-icon-top\"><div class=\"ult-just-icon-wrapper  \"><div class=\"align-icon\" style=\"text-align:center;\">\n<div class=\"aio-icon none \"  style=\"color:#333;font-size:32px;display:inline-block;\">\n\t<i class=\"linearicons-graduation-hat\"><\/i>\n<\/div><\/div><\/div><\/div><div class=\"aio-icon-header\" ><h3 class=\"aio-icon-title ult-responsive\"  data-ultimate-target='#Info-box-wrap-8596 .aio-icon-title'  data-responsive-json-new='{\"font-size\":\"desktop:20px;\",\"line-height\":\"\"}'  style=\"font-family:&#039;Montserrat&#039;;font-weight:700;\">Bio et CV<\/h3><\/div> <!-- header --><div class=\"aio-icon-description ult-responsive\"  data-ultimate-target='#Info-box-wrap-8596 .aio-icon-description'  data-responsive-json-new='{\"font-size\":\"desktop:16px;\",\"line-height\":\"\"}'  style=\"font-family:&#039;Lato&#039;;font-weight:500;\">La biographie professionnelle et le curriculum vitae de Me Mario Nicolella sont \u00e0 votre disposition.<\/div> <!-- description --><\/div> <!-- aio-icon-box --><\/a><\/div> <!-- aio-icon-component --><div class=\"ult-spacer spacer-69f20e424037e\" data-id=\"69f20e424037e\" data-height=\"0\" data-height-mobile=\"40\" data-height-tab=\"\" data-height-tab-portrait=\"\" data-height-mobile-landscape=\"40\" style=\"clear:both;display:block;\"><\/div><\/div><\/div><\/div><div class=\"wpb_column vc_column_container vc_col-sm-4\"><div class=\"vc_column-inner\"><div class=\"wpb_wrapper\"><div class=\"aio-icon-component    style_2\"><a class=\"aio-icon-box-link\" href=\"\/fr\/cabinet\/cabinet-groupe-vdg\/\" title=\"Cabinet Group\u00e9 VDG\" ><div id=\"Info-box-wrap-9523\" class=\"aio-icon-box top-icon\" style=\"\"  ><div class=\"aio-icon-top\"><div class=\"ult-just-icon-wrapper  \"><div class=\"align-icon\" style=\"text-align:center;\">\n<div class=\"aio-icon none \"  style=\"color:#333;font-size:32px;display:inline-block;\">\n\t<i class=\"linearicons-library2\"><\/i>\n<\/div><\/div><\/div><\/div><div class=\"aio-icon-header\" ><h3 class=\"aio-icon-title ult-responsive\"  data-ultimate-target='#Info-box-wrap-9523 .aio-icon-title'  data-responsive-json-new='{\"font-size\":\"desktop:20px;\",\"line-height\":\"\"}'  style=\"font-family:&#039;Montserrat&#039;;font-weight:700;\">Cabinet Group\u00e9 VDG<\/h3><\/div> <!-- header --><div class=\"aio-icon-description ult-responsive\"  data-ultimate-target='#Info-box-wrap-9523 .aio-icon-description'  data-responsive-json-new='{\"font-size\":\"desktop:16px;\",\"line-height\":\"\"}'  style=\"font-family:&#039;Lato&#039;;font-weight:500;\">Comp\u00e9tences et exp\u00e9riences dans diff\u00e9rents secteurs juridiques pour prot\u00e9ger au mieux vos droits.<\/div> <!-- description --><\/div> <!-- aio-icon-box --><\/a><\/div> <!-- aio-icon-component --><div class=\"ult-spacer spacer-69f20e4240580\" data-id=\"69f20e4240580\" data-height=\"0\" data-height-mobile=\"40\" data-height-tab=\"\" data-height-tab-portrait=\"\" data-height-mobile-landscape=\"40\" style=\"clear:both;display:block;\"><\/div><\/div><\/div><\/div><div class=\"wpb_column vc_column_container vc_col-sm-4\"><div class=\"vc_column-inner\"><div class=\"wpb_wrapper\"><div class=\"aio-icon-component    style_2\"><a class=\"aio-icon-box-link\" href=\"\/fr\/honoraires\" title=\"Honoraires\" ><div id=\"Info-box-wrap-9860\" class=\"aio-icon-box top-icon\" style=\"\"  ><div class=\"aio-icon-top\"><div class=\"ult-just-icon-wrapper  \"><div class=\"align-icon\" style=\"text-align:center;\">\n<div class=\"aio-icon none \"  style=\"color:#333;font-size:32px;display:inline-block;\">\n\t<i class=\"linearicons-balance\"><\/i>\n<\/div><\/div><\/div><\/div><div class=\"aio-icon-header\" ><h3 class=\"aio-icon-title ult-responsive\"  data-ultimate-target='#Info-box-wrap-9860 .aio-icon-title'  data-responsive-json-new='{\"font-size\":\"desktop:20px;\",\"line-height\":\"\"}'  style=\"font-family:&#039;Montserrat&#039;;font-weight:700;\">Honoraires<\/h3><\/div> <!-- header --><div class=\"aio-icon-description ult-responsive\"  data-ultimate-target='#Info-box-wrap-9860 .aio-icon-description'  data-responsive-json-new='{\"font-size\":\"desktop:16px;\",\"line-height\":\"\"}'  style=\"font-family:&#039;Lato&#039;;font-weight:500;\">Un bon rapport entre Avocat et Client se fonde sur une tr\u00e8s grande clart\u00e9 \u00e9galement sur les aspects \u00e9conomiques.<\/div> <!-- description --><\/div> <!-- aio-icon-box --><\/a><\/div> <!-- aio-icon-component --><\/div><\/div><\/div><\/div><div class=\"ult-spacer spacer-69f20e42407fa\" data-id=\"69f20e42407fa\" data-height=\"100\" data-height-mobile=\"80\" data-height-tab=\"\" data-height-tab-portrait=\"\" data-height-mobile-landscape=\"80\" style=\"clear:both;display:block;\"><\/div><\/div><\/div><\/div><\/div><!-- Row Backgrounds --><div class=\"upb_bg_img\" data-ultimate-bg=\"url(http:\/\/www.marionicolella.com\/wp-content\/uploads\/2022\/05\/bkg_courtdecassation.svg)\" data-image-id=\"id^887|url^http:\/\/www.marionicolella.com\/wp-content\/uploads\/2022\/05\/bkg_courtdecassation.svg|caption^null|alt^null|title^bkg_courtdecassation|description^null\" data-ultimate-bg-style=\"vcpb-default\" data-bg-img-repeat=\"no-repeat\" data-bg-img-size=\"cover\" data-bg-img-position=\"\" data-parallx_sense=\"30\" data-bg-override=\"ex-full\" data-bg_img_attach=\"scroll\" data-upb-overlay-color=\"rgba(255,255,255,0.67)\" data-upb-bg-animation=\"\" data-fadeout=\"\" data-bg-animation=\"left-animation\" data-bg-animation-type=\"h\" data-animation-repeat=\"repeat\" data-fadeout-percentage=\"30\" data-parallax-content=\"\" data-parallax-content-sense=\"30\" data-row-effect-mobile-disable=\"true\" data-img-parallax-mobile-disable=\"true\" data-rtl=\"false\"  data-custom-vc-row=\"\"  data-vc=\"6.7.0\"  data-is_old_vc=\"\"  data-theme-support=\"\"   data-overlay=\"true\" data-overlay-color=\"rgba(255,255,255,0.67)\" data-overlay-pattern=\"\" data-overlay-pattern-opacity=\"0.8\" data-overlay-pattern-size=\"\" data-overlay-pattern-attachment=\"scroll\"    ><\/div><\/div>[\/vc_column][\/vc_row][vc_row full_width=\u00a0\u00bbstretch_row_content_no_spaces\u00a0\u00bb][vc_column]<div class=\"templatera_shortcode\"><div data-vc-full-width=\"true\" data-vc-full-width-init=\"false\" data-vc-parallax=\"1.5\" data-vc-parallax-image=\"http:\/\/www.marionicolella.com\/wp-content\/uploads\/2022\/06\/bkg_cta.jpg\" class=\"vc_row wpb_row vc_row-fluid vc_custom_1654684927201 vc_row-has-fill vc_general vc_parallax vc_parallax-content-moving\"><div class=\"wpb_animate_when_almost_visible wpb_fadeInUp fadeInUp wpb_column vc_column_container vc_col-sm-2\"><div class=\"vc_column-inner\"><div class=\"wpb_wrapper\"><\/div><\/div><\/div><div class=\"wpb_column vc_column_container vc_col-sm-8\"><div class=\"vc_column-inner\"><div class=\"wpb_wrapper\"><h2 style=\"font-size: 40px;color: #f4f4f4;line-height: 1.3em;text-align: center\" class=\"vc_custom_heading\" >Vous avez un probl\u00e8me juridique ? Contactez le cabinet<\/h2><h4 style=\"font-size: 24px;color: #f4f4f4;line-height: 1.3em;text-align: center\" class=\"vc_custom_heading\" >\u00c0 vos c\u00f4t\u00e9s avec r\u00e9activit\u00e9 devant les juridictions italiennes et fran\u00e7aises.<\/h4><div class=\"vc_btn3-container  wpb_animate_when_almost_visible wpb_fadeInUp fadeInUp vc_btn3-center\" ><a onmouseleave=\"this.style.borderColor='#ffffff'; this.style.backgroundColor='transparent'; this.style.color='#ffffff'\" onmouseenter=\"this.style.borderColor='#ffffff'; this.style.backgroundColor='#ffffff'; this.style.color='#253746';\" style=\"border-color:#ffffff; color:#ffffff;\" class=\"vc_general vc_btn3 vc_btn3-size-lg vc_btn3-shape-square vc_btn3-style-outline-custom\" href=\"\/fr\/contacts\" title=\"Contact\">Contact<\/a><\/div><\/div><\/div><\/div><div class=\"wpb_column vc_column_container vc_col-sm-2\"><div class=\"vc_column-inner\"><div class=\"wpb_wrapper\"><\/div><\/div><\/div><\/div><div class=\"vc_row-full-width vc_clearfix\"><\/div>\r\n<\/div>[\/vc_column][\/vc_row]<\/p>\n","protected":false},"excerpt":{"rendered":"Vous avez un probl\u00e8me juridique ? Contactez le cabinet\u00c0 vos c\u00f4t\u00e9s avec r\u00e9activit\u00e9 devant les juridictions italiennes et fran\u00e7aises.Contact","protected":false},"author":1,"featured_media":0,"parent":0,"menu_order":0,"comment_status":"closed","ping_status":"closed","template":"page.php","meta":{"footnotes":""},"class_list":["post-1383","page","type-page","status-publish","hentry"],"yoast_head":"<!-- This site is optimized with the Yoast SEO plugin v19.9 - https:\/\/yoast.com\/wordpress\/plugins\/seo\/ -->\n<title>Cabinet - Avv. Mario Nicolella<\/title>\n<meta name=\"robots\" content=\"index, follow, max-snippet:-1, max-image-preview:large, max-video-preview:-1\" \/>\n<link rel=\"canonical\" href=\"http:\/\/www.marionicolella.com\/fr\/cabinet\/\" \/>\n<meta property=\"og:locale\" content=\"fr_FR\" \/>\n<meta property=\"og:type\" content=\"article\" \/>\n<meta property=\"og:title\" content=\"Cabinet - Avv. Mario Nicolella\" \/>\n<meta property=\"og:url\" content=\"http:\/\/www.marionicolella.com\/fr\/cabinet\/\" \/>\n<meta property=\"og:site_name\" content=\"Avv. Mario Nicolella\" \/>\n<meta property=\"article:modified_time\" content=\"2022-09-14T08:39:40+00:00\" \/>\n<meta property=\"og:image\" content=\"http:\/\/www.marionicolella.com\/wp-content\/uploads\/2022\/08\/img_facebook-1.jpg\" \/>\n\t<meta property=\"og:image:width\" content=\"1200\" \/>\n\t<meta property=\"og:image:height\" content=\"630\" \/>\n\t<meta property=\"og:image:type\" content=\"image\/jpeg\" \/>\n<meta name=\"twitter:card\" content=\"summary_large_image\" \/>\n<meta name=\"twitter:label1\" content=\"Dur\u00e9e de lecture estim\u00e9e\" \/>\n\t<meta name=\"twitter:data1\" content=\"2 minutes\" \/>\n<script type=\"application\/ld+json\" class=\"yoast-schema-graph\">{\"@context\":\"https:\/\/schema.org\",\"@graph\":[{\"@type\":\"WebPage\",\"@id\":\"http:\/\/www.marionicolella.com\/fr\/cabinet\/\",\"url\":\"http:\/\/www.marionicolella.com\/fr\/cabinet\/\",\"name\":\"Cabinet - Avv. Mario Nicolella\",\"isPartOf\":{\"@id\":\"http:\/\/www.marionicolella.com\/#website\"},\"datePublished\":\"2022-05-13T08:12:47+00:00\",\"dateModified\":\"2022-09-14T08:39:40+00:00\",\"breadcrumb\":{\"@id\":\"http:\/\/www.marionicolella.com\/fr\/cabinet\/#breadcrumb\"},\"inLanguage\":\"fr-FR\",\"potentialAction\":[{\"@type\":\"ReadAction\",\"target\":[\"http:\/\/www.marionicolella.com\/fr\/cabinet\/\"]}]},{\"@type\":\"BreadcrumbList\",\"@id\":\"http:\/\/www.marionicolella.com\/fr\/cabinet\/#breadcrumb\",\"itemListElement\":[{\"@type\":\"ListItem\",\"position\":1,\"name\":\"Home\",\"item\":\"http:\/\/www.marionicolella.com\/fr\/\"},{\"@type\":\"ListItem\",\"position\":2,\"name\":\"Cabinet\"}]},{\"@type\":\"WebSite\",\"@id\":\"http:\/\/www.marionicolella.com\/#website\",\"url\":\"http:\/\/www.marionicolella.com\/\",\"name\":\"Avv. Mario Nicolella\",\"description\":\"Studio Legale Internazionale\",\"publisher\":{\"@id\":\"http:\/\/www.marionicolella.com\/#\/schema\/person\/85205f94633feef23121576d83fcb7d8\"},\"potentialAction\":[{\"@type\":\"SearchAction\",\"target\":{\"@type\":\"EntryPoint\",\"urlTemplate\":\"http:\/\/www.marionicolella.com\/?s={search_term_string}\"},\"query-input\":\"required name=search_term_string\"}],\"inLanguage\":\"fr-FR\"},{\"@type\":[\"Person\",\"Organization\"],\"@id\":\"http:\/\/www.marionicolella.com\/#\/schema\/person\/85205f94633feef23121576d83fcb7d8\",\"name\":\"Mario Nicolella\",\"image\":{\"@type\":\"ImageObject\",\"inLanguage\":\"fr-FR\",\"@id\":\"http:\/\/www.marionicolella.com\/#\/schema\/person\/image\/\",\"url\":\"http:\/\/www.marionicolella.com\/wp-content\/uploads\/2022\/05\/logo_nicolella.svg\",\"contentUrl\":\"http:\/\/www.marionicolella.com\/wp-content\/uploads\/2022\/05\/logo_nicolella.svg\",\"width\":290,\"height\":44,\"caption\":\"Mario Nicolella\"},\"logo\":{\"@id\":\"http:\/\/www.marionicolella.com\/#\/schema\/person\/image\/\"},\"sameAs\":[\"http:\/\/www.linkedin.com\/in\/mario-nicolella-07949310\/\"]}]}<\/script>\n<!-- \/ Yoast SEO plugin. -->","yoast_head_json":{"title":"Cabinet - Avv. Mario Nicolella","robots":{"index":"index","follow":"follow","max-snippet":"max-snippet:-1","max-image-preview":"max-image-preview:large","max-video-preview":"max-video-preview:-1"},"canonical":"http:\/\/www.marionicolella.com\/fr\/cabinet\/","og_locale":"fr_FR","og_type":"article","og_title":"Cabinet - Avv. Mario Nicolella","og_url":"http:\/\/www.marionicolella.com\/fr\/cabinet\/","og_site_name":"Avv. Mario Nicolella","article_modified_time":"2022-09-14T08:39:40+00:00","og_image":[{"width":1200,"height":630,"url":"http:\/\/www.marionicolella.com\/wp-content\/uploads\/2022\/08\/img_facebook-1.jpg","type":"image\/jpeg"}],"twitter_card":"summary_large_image","twitter_misc":{"Dur\u00e9e de lecture estim\u00e9e":"2 minutes"},"schema":{"@context":"https:\/\/schema.org","@graph":[{"@type":"WebPage","@id":"http:\/\/www.marionicolella.com\/fr\/cabinet\/","url":"http:\/\/www.marionicolella.com\/fr\/cabinet\/","name":"Cabinet - Avv. Mario Nicolella","isPartOf":{"@id":"http:\/\/www.marionicolella.com\/#website"},"datePublished":"2022-05-13T08:12:47+00:00","dateModified":"2022-09-14T08:39:40+00:00","breadcrumb":{"@id":"http:\/\/www.marionicolella.com\/fr\/cabinet\/#breadcrumb"},"inLanguage":"fr-FR","potentialAction":[{"@type":"ReadAction","target":["http:\/\/www.marionicolella.com\/fr\/cabinet\/"]}]},{"@type":"BreadcrumbList","@id":"http:\/\/www.marionicolella.com\/fr\/cabinet\/#breadcrumb","itemListElement":[{"@type":"ListItem","position":1,"name":"Home","item":"http:\/\/www.marionicolella.com\/fr\/"},{"@type":"ListItem","position":2,"name":"Cabinet"}]},{"@type":"WebSite","@id":"http:\/\/www.marionicolella.com\/#website","url":"http:\/\/www.marionicolella.com\/","name":"Avv. Mario Nicolella","description":"Studio Legale Internazionale","publisher":{"@id":"http:\/\/www.marionicolella.com\/#\/schema\/person\/85205f94633feef23121576d83fcb7d8"},"potentialAction":[{"@type":"SearchAction","target":{"@type":"EntryPoint","urlTemplate":"http:\/\/www.marionicolella.com\/?s={search_term_string}"},"query-input":"required name=search_term_string"}],"inLanguage":"fr-FR"},{"@type":["Person","Organization"],"@id":"http:\/\/www.marionicolella.com\/#\/schema\/person\/85205f94633feef23121576d83fcb7d8","name":"Mario Nicolella","image":{"@type":"ImageObject","inLanguage":"fr-FR","@id":"http:\/\/www.marionicolella.com\/#\/schema\/person\/image\/","url":"http:\/\/www.marionicolella.com\/wp-content\/uploads\/2022\/05\/logo_nicolella.svg","contentUrl":"http:\/\/www.marionicolella.com\/wp-content\/uploads\/2022\/05\/logo_nicolella.svg","width":290,"height":44,"caption":"Mario Nicolella"},"logo":{"@id":"http:\/\/www.marionicolella.com\/#\/schema\/person\/image\/"},"sameAs":["http:\/\/www.linkedin.com\/in\/mario-nicolella-07949310\/"]}]}},"_links":{"self":[{"href":"http:\/\/www.marionicolella.com\/fr\/wp-json\/wp\/v2\/pages\/1383","targetHints":{"allow":["GET"]}}],"collection":[{"href":"http:\/\/www.marionicolella.com\/fr\/wp-json\/wp\/v2\/pages"}],"about":[{"href":"http:\/\/www.marionicolella.com\/fr\/wp-json\/wp\/v2\/types\/page"}],"author":[{"embeddable":true,"href":"http:\/\/www.marionicolella.com\/fr\/wp-json\/wp\/v2\/users\/1"}],"replies":[{"embeddable":true,"href":"http:\/\/www.marionicolella.com\/fr\/wp-json\/wp\/v2\/comments?post=1383"}],"version-history":[{"count":1,"href":"http:\/\/www.marionicolella.com\/fr\/wp-json\/wp\/v2\/pages\/1383\/revisions"}],"predecessor-version":[{"id":1779,"href":"http:\/\/www.marionicolella.com\/fr\/wp-json\/wp\/v2\/pages\/1383\/revisions\/1779"}],"wp:attachment":[{"href":"http:\/\/www.marionicolella.com\/fr\/wp-json\/wp\/v2\/media?parent=1383"}],"curies":[{"name":"wp","href":"https:\/\/api.w.org\/{rel}","templated":true}]}}